{"id":2851,"date":"2021-11-09T00:04:43","date_gmt":"2021-11-09T07:04:43","guid":{"rendered":"http:\/\/covid19.saludsonora.gob.mx\/?page_id=2851"},"modified":"2021-11-09T00:04:44","modified_gmt":"2021-11-09T07:04:44","slug":"estadios","status":"publish","type":"page","link":"http:\/\/covid19.saludsonora.gob.mx\/?page_id=2851","title":{"rendered":"Estadios"},"content":{"rendered":"\n<ul><li><a href=\"http:\/\/salud.sonora.gob.mx\/images\/protocolos\/DGPROSPE\/estadios\/PROTOCOLO_ESTADIOS_POR_COVID_19.pdf\" target=\"_blank\" rel=\"noreferrer noopener\">Estadios e instalaciones deportivas<\/a><\/li><li><a href=\"http:\/\/salud.sonora.gob.mx\/images\/protocolos\/DGPROSPE\/estadios\/Informacin_clave_para_empleados_y_colaboradores_durante_el_desarrollo_de_la_LMP_2021.pdf\" target=\"_blank\" rel=\"noreferrer noopener\">Informaci\u00f3n clave para empleados y colaboradores del estadio, durante el desarrollo del evento<\/a><\/li><li><a href=\"http:\/\/salud.sonora.gob.mx\/images\/protocolos\/DGPROSPE\/estadios\/Capacitacin_estadios.pdf\" target=\"_blank\" rel=\"noreferrer noopener\">Protocolo para capacitaci\u00f3n de estadios<\/a><\/li><li><a href=\"http:\/\/salud.sonora.gob.mx\/images\/protocolos\/DGPROSPE\/estadios\/Recomendacione_para_aficionados_que_acude_a_estadios_de_beisbol.pdf\" target=\"_blank\" rel=\"noreferrer noopener\">Informaci\u00f3n clave para aficionados del estadio durante el desarrollo del evento<\/a><\/li><\/ul>\n","protected":false},"excerpt":{"rendered":"<p>Estadios e instalaciones deportivas Informaci\u00f3n clave para empleados y colaboradores del estadio, durante el desarrollo del evento Protocolo para capacitaci\u00f3n de estadios Informaci\u00f3n clave para aficionados del estadio durante el desarrollo del evento<\/p>\n","protected":false},"author":3,"featured_media":0,"parent":0,"menu_order":0,"comment_status":"closed","ping_status":"closed","template":"","meta":{"footnotes":""},"_links":{"self":[{"href":"http:\/\/covid19.saludsonora.gob.mx\/index.php?rest_route=\/wp\/v2\/pages\/2851"}],"collection":[{"href":"http:\/\/covid19.saludsonora.gob.mx\/index.php?rest_route=\/wp\/v2\/pages"}],"about":[{"href":"http:\/\/covid19.saludsonora.gob.mx\/index.php?rest_route=\/wp\/v2\/types\/page"}],"author":[{"embeddable":true,"href":"http:\/\/covid19.saludsonora.gob.mx\/index.php?rest_route=\/wp\/v2\/users\/3"}],"replies":[{"embeddable":true,"href":"http:\/\/covid19.saludsonora.gob.mx\/index.php?rest_route=%2Fwp%2Fv2%2Fcomments&post=2851"}],"version-history":[{"count":1,"href":"http:\/\/covid19.saludsonora.gob.mx\/index.php?rest_route=\/wp\/v2\/pages\/2851\/revisions"}],"predecessor-version":[{"id":2852,"href":"http:\/\/covid19.saludsonora.gob.mx\/index.php?rest_route=\/wp\/v2\/pages\/2851\/revisions\/2852"}],"wp:attachment":[{"href":"http:\/\/covid19.saludsonora.gob.mx\/index.php?rest_route=%2Fwp%2Fv2%2Fmedia&parent=2851"}],"curies":[{"name":"wp","href":"https:\/\/api.w.org\/{rel}","templated":true}]}}